{"id":321,"date":"2023-05-27T10:10:31","date_gmt":"2023-05-27T13:10:31","guid":{"rendered":"http:\/\/abraaoisrael.com.br\/?page_id=321"},"modified":"2023-07-01T22:38:56","modified_gmt":"2023-07-02T01:38:56","slug":"pos-operatorio","status":"publish","type":"page","link":"https:\/\/abraaoisrael.com.br\/index.php\/pos-operatorio\/","title":{"rendered":"Pos-operatorio"},"content":{"rendered":"\t\t<div data-elementor-type=\"wp-page\" data-elementor-id=\"321\" class=\"elementor elementor-321\" data-elementor-post-type=\"page\">\n\t\t\t\t\t\t<section class=\"elementor-section elementor-top-section elementor-element elementor-element-c9fd6eb elementor-section-boxed elementor-section-height-default elementor-section-height-default\" data-id=\"c9fd6eb\" data-element_type=\"section\">\n\t\t\t\t\t\t<div class=\"elementor-container elementor-column-gap-default\">\n\t\t\t\t\t<div class=\"elementor-column elementor-col-100 elementor-top-column elementor-element elementor-element-0c0141d\" data-id=\"0c0141d\" data-element_type=\"column\">\n\t\t\t<div class=\"elementor-widget-wrap elementor-element-populated\">\n\t\t\t\t\t\t<div class=\"elementor-element elementor-element-cfe793c elementor-widget elementor-widget-heading\" data-id=\"cfe793c\" data-element_type=\"widget\" data-widget_type=\"heading.default\">\n\t\t\t\t<div class=\"elementor-widget-container\">\n\t\t\t\t\t<h2 class=\"elementor-heading-title elementor-size-default\">Fisioterapia no p\u00f3s operat\u00f3rio<\/h2>\t\t\t\t<\/div>\n\t\t\t\t<\/div>\n\t\t\t\t<div class=\"elementor-element elementor-element-a389585 elementor-widget elementor-widget-text-editor\" data-id=\"a389585\" data-element_type=\"widget\" data-widget_type=\"text-editor.default\">\n\t\t\t\t<div class=\"elementor-widget-container\">\n\t\t\t\t\t\t\t\t\t<p>A fisioterapia no p\u00f3s operat\u00f3rio \u00e9 importante, pois auxilia na redu\u00e7\u00e3o do tempo de recupera\u00e7\u00e3o e ameniza os desconfortos decorrentes de procedimentos cir\u00fargicos, a fisioterapia no p\u00f3s-operat\u00f3rio tamb\u00e9m potencializa os resultados.<\/p>\n<p>Na fisioterapia dispomos de diversos recursos el\u00e9tricos, t\u00e9rmicos e de fototerapia, recursos esses que utilizam correntes el\u00e9tricas de baixa frequ\u00eancia que promovem a cicatriza\u00e7\u00e3o dos tecidos, diminuem o surgimento de cicatrizes e\/ou ader\u00eancias, reduzem ou eliminam dores, edemas e hematomas.<\/p>\n<p>A fisioterapia no p\u00f3s-operat\u00f3rio tamb\u00e9m contribui para que o paciente possa recuperar sua capacidade respirat\u00f3ria, que por vezes fica limitada dependendo do tipo de cirurgia realizada, assim como recuperar o movimento e a fun\u00e7\u00e3o articular, diminuindo os efeitos do tempo que o membro ou regi\u00e3o ficou&nbsp; imobilizada.<\/p>\n<p>Portanto, pode-se afirmar que o papel da fisioterapia no p\u00f3s-operat\u00f3rio tem o objetivo de:<\/p>\n<ul>\n<li>Aliviar dores, edemas, hematomas e quaisquer desconfortos originados pelo procedimento cir\u00fargico;<\/li>\n<li>A regenera\u00e7\u00e3o dos tecidos;<\/li>\n<li>Melhorar o aporte de oxig\u00eanio local com o intuito de evitar a isquemia;<\/li>\n<li>Evitar ader\u00eancias, retra\u00e7\u00f5es de cicatrizes e\/ou cicatrizes hipertr\u00f3ficas;<\/li>\n<li>Prevenir contraturas musculares decorrentes dos desconfortos da cirurgia;<\/li>\n<li>Melhorar a sensibilidade local, e<\/li>\n<li>Promover o retorno r\u00e1pido e seguro \u00e0s atividades de vida di\u00e1rias.<\/li>\n<\/ul>\n<p>A interven\u00e7\u00e3o da fisioterapia no p\u00f3s operat\u00f3rio imediato (muitas vezes no mesmo dia) tem um papel fundamental na preven\u00e7\u00e3o do surgimento de complica\u00e7\u00f5es mais s\u00e9rias, como a Trombose Venosa Profunda.<\/p>\n<p>A fisioterapia respirat\u00f3ria, especialmente no p\u00f3s-operat\u00f3rio de abdominoplastias, promove a integridade da fun\u00e7\u00e3o pulmonar, reduzindo as altera\u00e7\u00f5es e limita\u00e7\u00f5es causadas pelo procedimento.<\/p>\n<p>A interven\u00e7\u00e3o da fisioterapia no pr\u00e9 e p\u00f3s-operat\u00f3rio das cirurgias pl\u00e1sticas garante que o paciente preserve suas fun\u00e7\u00f5es vitais e desfrute de um breve per\u00edodo de recupera\u00e7\u00e3o da forma mais confort\u00e1vel poss\u00edvel, diminuindo as incapacita\u00e7\u00f5es e altera\u00e7\u00f5es decorrentes dos procedimentos cir\u00fargicos.<\/p>\n<p>Isso nos mostra o quanto o papel do fisioterapeuta \u00e9 importante dentro de praticamente todos os procedimentos cir\u00fargicos, tanto no pr\u00e9 quanto no p\u00f3s operat\u00f3rio, preparando o paciente para o procedimento e tornando o processo de recupera\u00e7\u00e3o o mais confort\u00e1vel e r\u00e1pido poss\u00edvel.<\/p>\t\t\t\t\t\t\t\t<\/div>\n\t\t\t\t<\/div>\n\t\t\t\t\t<\/div>\n\t\t<\/div>\n\t\t\t\t\t<\/div>\n\t\t<\/section>\n\t\t\t\t<\/div>\n\t\t","protected":false},"excerpt":{"rendered":"<p>Fisioterapia no p\u00f3s operat\u00f3rio A fisioterapia no p\u00f3s operat\u00f3rio \u00e9 importante, pois auxilia na redu\u00e7\u00e3o do tempo de recupera\u00e7\u00e3o e ameniza os desconfortos decorrentes de procedimentos cir\u00fargicos, a fisioterapia no p\u00f3s-operat\u00f3rio tamb\u00e9m potencializa os resultados. Na fisioterapia dispomos de diversos recursos el\u00e9tricos, t\u00e9rmicos e de fototerapia, recursos esses que utilizam correntes el\u00e9tricas de baixa frequ\u00eancia [&hellip;]<\/p>\n","protected":false},"author":1,"featured_media":0,"parent":0,"menu_order":0,"comment_status":"closed","ping_status":"closed","template":"elementor_header_footer","meta":{"site-sidebar-layout":"no-sidebar","site-content-layout":"page-builder","ast-site-content-layout":"","site-content-style":"default","site-sidebar-style":"default","ast-global-header-display":"","ast-banner-title-visibility":"","ast-main-header-display":"","ast-hfb-above-header-display":"","ast-hfb-below-header-display":"","ast-hfb-mobile-header-display":"","site-post-title":"disabled","ast-breadcrumbs-content":"","ast-featured-img":"disabled","footer-sml-layout":"","theme-transparent-header-meta":"","adv-header-id-meta":"","stick-header-meta":"","header-above-stick-meta":"","header-main-stick-meta":"","header-below-stick-meta":"","astra-migrate-meta-layouts":"default","ast-page-background-enabled":"default","ast-page-background-meta":{"desktop":{"background-color":"var(--ast-global-color-4)","background-image":"","background-repeat":"repeat","background-position":"center center","background-size":"auto","background-attachment":"scroll","background-type":"","background-media":"","overlay-type":"","overlay-color":"","overlay-opacity":"","overlay-gradient":""},"tablet":{"background-color":"","background-image":"","background-repeat":"repeat","background-position":"center center","background-size":"auto","background-attachment":"scroll","background-type":"","background-media":"","overlay-type":"","overlay-color":"","overlay-opacity":"","overlay-gradient":""},"mobile":{"background-color":"","background-image":"","background-repeat":"repeat","background-position":"center center","background-size":"auto","background-attachment":"scroll","background-type":"","background-media":"","overlay-type":"","overlay-color":"","overlay-opacity":"","overlay-gradient":""}},"ast-content-background-meta":{"desktop":{"background-color":"var(--ast-global-color-5)","background-image":"","background-repeat":"repeat","background-position":"center center","background-size":"auto","background-attachment":"scroll","background-type":"","background-media":"","overlay-type":"","overlay-color":"","overlay-opacity":"","overlay-gradient":""},"tablet":{"background-color":"var(--ast-global-color-5)","background-image":"","background-repeat":"repeat","background-position":"center center","background-size":"auto","background-attachment":"scroll","background-type":"","background-media":"","overlay-type":"","overlay-color":"","overlay-opacity":"","overlay-gradient":""},"mobile":{"background-color":"var(--ast-global-color-5)","background-image":"","background-repeat":"repeat","background-position":"center center","background-size":"auto","background-attachment":"scroll","background-type":"","background-media":"","overlay-type":"","overlay-color":"","overlay-opacity":"","overlay-gradient":""}},"footnotes":""},"class_list":["post-321","page","type-page","status-publish","hentry"],"_links":{"self":[{"href":"https:\/\/abraaoisrael.com.br\/index.php\/wp-json\/wp\/v2\/pages\/321","targetHints":{"allow":["GET"]}}],"collection":[{"href":"https:\/\/abraaoisrael.com.br\/index.php\/wp-json\/wp\/v2\/pages"}],"about":[{"href":"https:\/\/abraaoisrael.com.br\/index.php\/wp-json\/wp\/v2\/types\/page"}],"author":[{"embeddable":true,"href":"https:\/\/abraaoisrael.com.br\/index.php\/wp-json\/wp\/v2\/users\/1"}],"replies":[{"embeddable":true,"href":"https:\/\/abraaoisrael.com.br\/index.php\/wp-json\/wp\/v2\/comments?post=321"}],"version-history":[{"count":0,"href":"https:\/\/abraaoisrael.com.br\/index.php\/wp-json\/wp\/v2\/pages\/321\/revisions"}],"wp:attachment":[{"href":"https:\/\/abraaoisrael.com.br\/index.php\/wp-json\/wp\/v2\/media?parent=321"}],"curies":[{"name":"wp","href":"https:\/\/api.w.org\/{rel}","templated":true}]}}