{"id":337,"date":"2023-05-27T12:26:44","date_gmt":"2023-05-27T15:26:44","guid":{"rendered":"http:\/\/abraaoisrael.com.br\/?page_id=337"},"modified":"2023-07-01T22:38:36","modified_gmt":"2023-07-02T01:38:36","slug":"fisioterapia-esportiva","status":"publish","type":"page","link":"https:\/\/abraaoisrael.com.br\/index.php\/fisioterapia-esportiva\/","title":{"rendered":"Fisioterapia esportiva"},"content":{"rendered":"\t\t<div data-elementor-type=\"wp-page\" data-elementor-id=\"337\" class=\"elementor elementor-337\" data-elementor-post-type=\"page\">\n\t\t\t\t\t\t<section class=\"elementor-section elementor-top-section elementor-element elementor-element-b3d502d elementor-section-boxed elementor-section-height-default elementor-section-height-default\" data-id=\"b3d502d\" data-element_type=\"section\">\n\t\t\t\t\t\t<div class=\"elementor-container elementor-column-gap-default\">\n\t\t\t\t\t<div class=\"elementor-column elementor-col-100 elementor-top-column elementor-element elementor-element-6a764e8\" data-id=\"6a764e8\" data-element_type=\"column\">\n\t\t\t<div class=\"elementor-widget-wrap elementor-element-populated\">\n\t\t\t\t\t\t<div class=\"elementor-element elementor-element-60dd2c4 elementor-widget elementor-widget-heading\" data-id=\"60dd2c4\" data-element_type=\"widget\" data-widget_type=\"heading.default\">\n\t\t\t\t<div class=\"elementor-widget-container\">\n\t\t\t\t\t<h2 class=\"elementor-heading-title elementor-size-default\">Fisioterapia esportiva<\/h2>\t\t\t\t<\/div>\n\t\t\t\t<\/div>\n\t\t\t\t<div class=\"elementor-element elementor-element-bc42a3b elementor-widget elementor-widget-text-editor\" data-id=\"bc42a3b\" data-element_type=\"widget\" data-widget_type=\"text-editor.default\">\n\t\t\t\t<div class=\"elementor-widget-container\">\n\t\t\t\t\t\t\t\t\t<p>A Fisioterapia Esportiva \u00e9 uma especialidade da Fisioterapia que trabalha na preven\u00e7\u00e3o e no tratamento das poss\u00edveis les\u00f5es associadas \u00e0 pr\u00e1tica de esportes e atividades f\u00edsicas.<\/p>\n<p>O Conselho Federal de Fisioterapia e Terapia Ocupacional (COFFITO) reconheceu a especialidade em 2007 por meio da Resolu\u00e7\u00e3o n\u00ba 337, e define que:<\/p>\n<p><i>Art. 2 \u2013 \u00a7 1\u00ba. A Atua\u00e7\u00e3o do Fisioterapeuta na Especialidade em Fisioterapia Esportiva se caracteriza pelo exerc\u00edcio profissional desde a promo\u00e7\u00e3o de aten\u00e7\u00e3o b\u00e1sica direta \u00e0 sa\u00fade do paciente por meio do diagn\u00f3stico cin\u00e9tico-funcional bem como a elei\u00e7\u00e3o e execu\u00e7\u00e3o de m\u00e9todos fisioterap\u00eauticos pertinentes a este\u201d.<\/i><\/p>\n<p>Outra resolu\u00e7\u00e3o importante para essa profiss\u00e3o \u00e9 a&nbsp;n\u00ba 395\/2011, que disciplina a atividade do fisioterapeuta no exerc\u00edcio da especialidade profissional em Fisioterapia Esportiva.<\/p>\n<h4>O que faz um Fisioterapeuta Esportivo?<\/h4>\n<p>A pr\u00e1tica esportiva exige habilidades mentais e f\u00edsicas tais como: concentra\u00e7\u00e3o, empenho, repeti\u00e7\u00e3o de gestos, posturas est\u00e1ticas e for\u00e7as intensas que podem favorecer diversos tipos de les\u00f5es, como contus\u00f5es, fraturas, luxa\u00e7\u00f5es, tendinopatias, dentre outras.<\/p>\n<p>O Fisioterapeuta Esportivo precisa ser um profissional capacitado para promover a preven\u00e7\u00e3o de les\u00f5es e a recupera\u00e7\u00e3o funcional no menor espa\u00e7o de tempo poss\u00edvel respeitando os limites fisiol\u00f3gicos individuais de forma que o atleta possa voltar aos treinos e atividades o mais breve poss\u00edvel.<\/p>\n<p>Para atuar nessa \u00e1rea, o profissional deve ter profundo conhecimento de in\u00fameras ci\u00eancias, incluindo Anatomia Humana, Biomec\u00e2nica, Fisiologia Humana, Ortopedia, Traumatologia, al\u00e9m dos gestos esportivos e procedimentos fisioterap\u00eauticos.<\/p>\n<p>A Fisioterapia Esportiva \u00e9 muito competitiva e tem um amplo campo de atua\u00e7\u00e3o, exigindo grande dedica\u00e7\u00e3o e habilidades do fisioterapeuta de forma a se destacar no mercado. A dedica\u00e7\u00e3o e desejo do profissional em continuar aprendendo far\u00e1 a diferen\u00e7a profissionalmente.<\/p>\t\t\t\t\t\t\t\t<\/div>\n\t\t\t\t<\/div>\n\t\t\t\t\t<\/div>\n\t\t<\/div>\n\t\t\t\t\t<\/div>\n\t\t<\/section>\n\t\t\t\t<\/div>\n\t\t","protected":false},"excerpt":{"rendered":"<p>Fisioterapia esportiva A Fisioterapia Esportiva \u00e9 uma especialidade da Fisioterapia que trabalha na preven\u00e7\u00e3o e no tratamento das poss\u00edveis les\u00f5es associadas \u00e0 pr\u00e1tica de esportes e atividades f\u00edsicas. O Conselho Federal de Fisioterapia e Terapia Ocupacional (COFFITO) reconheceu a especialidade em 2007 por meio da Resolu\u00e7\u00e3o n\u00ba 337, e define que: Art. 2 \u2013 \u00a7 [&hellip;]<\/p>\n","protected":false},"author":1,"featured_media":0,"parent":0,"menu_order":0,"comment_status":"closed","ping_status":"closed","template":"elementor_header_footer","meta":{"site-sidebar-layout":"no-sidebar","site-content-layout":"page-builder","ast-site-content-layout":"","site-content-style":"default","site-sidebar-style":"default","ast-global-header-display":"","ast-banner-title-visibility":"","ast-main-header-display":"","ast-hfb-above-header-display":"","ast-hfb-below-header-display":"","ast-hfb-mobile-header-display":"","site-post-title":"disabled","ast-breadcrumbs-content":"","ast-featured-img":"disabled","footer-sml-layout":"","theme-transparent-header-meta":"","adv-header-id-meta":"","stick-header-meta":"","header-above-stick-meta":"","header-main-stick-meta":"","header-below-stick-meta":"","astra-migrate-meta-layouts":"default","ast-page-background-enabled":"default","ast-page-background-meta":{"desktop":{"background-color":"var(--ast-global-color-4)","background-image":"","background-repeat":"repeat","background-position":"center center","background-size":"auto","background-attachment":"scroll","background-type":"","background-media":"","overlay-type":"","overlay-color":"","overlay-opacity":"","overlay-gradient":""},"tablet":{"background-color":"","background-image":"","background-repeat":"repeat","background-position":"center center","background-size":"auto","background-attachment":"scroll","background-type":"","background-media":"","overlay-type":"","overlay-color":"","overlay-opacity":"","overlay-gradient":""},"mobile":{"background-color":"","background-image":"","background-repeat":"repeat","background-position":"center center","background-size":"auto","background-attachment":"scroll","background-type":"","background-media":"","overlay-type":"","overlay-color":"","overlay-opacity":"","overlay-gradient":""}},"ast-content-background-meta":{"desktop":{"background-color":"var(--ast-global-color-5)","background-image":"","background-repeat":"repeat","background-position":"center center","background-size":"auto","background-attachment":"scroll","background-type":"","background-media":"","overlay-type":"","overlay-color":"","overlay-opacity":"","overlay-gradient":""},"tablet":{"background-color":"var(--ast-global-color-5)","background-image":"","background-repeat":"repeat","background-position":"center center","background-size":"auto","background-attachment":"scroll","background-type":"","background-media":"","overlay-type":"","overlay-color":"","overlay-opacity":"","overlay-gradient":""},"mobile":{"background-color":"var(--ast-global-color-5)","background-image":"","background-repeat":"repeat","background-position":"center center","background-size":"auto","background-attachment":"scroll","background-type":"","background-media":"","overlay-type":"","overlay-color":"","overlay-opacity":"","overlay-gradient":""}},"footnotes":""},"class_list":["post-337","page","type-page","status-publish","hentry"],"_links":{"self":[{"href":"https:\/\/abraaoisrael.com.br\/index.php\/wp-json\/wp\/v2\/pages\/337","targetHints":{"allow":["GET"]}}],"collection":[{"href":"https:\/\/abraaoisrael.com.br\/index.php\/wp-json\/wp\/v2\/pages"}],"about":[{"href":"https:\/\/abraaoisrael.com.br\/index.php\/wp-json\/wp\/v2\/types\/page"}],"author":[{"embeddable":true,"href":"https:\/\/abraaoisrael.com.br\/index.php\/wp-json\/wp\/v2\/users\/1"}],"replies":[{"embeddable":true,"href":"https:\/\/abraaoisrael.com.br\/index.php\/wp-json\/wp\/v2\/comments?post=337"}],"version-history":[{"count":0,"href":"https:\/\/abraaoisrael.com.br\/index.php\/wp-json\/wp\/v2\/pages\/337\/revisions"}],"wp:attachment":[{"href":"https:\/\/abraaoisrael.com.br\/index.php\/wp-json\/wp\/v2\/media?parent=337"}],"curies":[{"name":"wp","href":"https:\/\/api.w.org\/{rel}","templated":true}]}}