{"id":349,"date":"2023-05-27T12:39:49","date_gmt":"2023-05-27T15:39:49","guid":{"rendered":"http:\/\/abraaoisrael.com.br\/?page_id=349"},"modified":"2023-07-01T22:38:42","modified_gmt":"2023-07-02T01:38:42","slug":"fisioterapia-preventiva","status":"publish","type":"page","link":"https:\/\/abraaoisrael.com.br\/index.php\/fisioterapia-preventiva\/","title":{"rendered":"Fisioterapia preventiva"},"content":{"rendered":"\t\t<div data-elementor-type=\"wp-page\" data-elementor-id=\"349\" class=\"elementor elementor-349\" data-elementor-post-type=\"page\">\n\t\t\t\t\t\t<section class=\"elementor-section elementor-top-section elementor-element elementor-element-7c14935 elementor-section-boxed elementor-section-height-default elementor-section-height-default\" data-id=\"7c14935\" data-element_type=\"section\">\n\t\t\t\t\t\t<div class=\"elementor-container elementor-column-gap-default\">\n\t\t\t\t\t<div class=\"elementor-column elementor-col-100 elementor-top-column elementor-element elementor-element-a5e35f4\" data-id=\"a5e35f4\" data-element_type=\"column\">\n\t\t\t<div class=\"elementor-widget-wrap elementor-element-populated\">\n\t\t\t\t\t\t<div class=\"elementor-element elementor-element-e9c86e2 elementor-widget elementor-widget-heading\" data-id=\"e9c86e2\" data-element_type=\"widget\" data-widget_type=\"heading.default\">\n\t\t\t\t<div class=\"elementor-widget-container\">\n\t\t\t\t\t<h2 class=\"elementor-heading-title elementor-size-default\">Fisioterapia preventiva<\/h2>\t\t\t\t<\/div>\n\t\t\t\t<\/div>\n\t\t\t\t<div class=\"elementor-element elementor-element-aa1da41 elementor-widget elementor-widget-text-editor\" data-id=\"aa1da41\" data-element_type=\"widget\" data-widget_type=\"text-editor.default\">\n\t\t\t\t<div class=\"elementor-widget-container\">\n\t\t\t\t\t\t\t\t\t<p id=\"viewer-cknso\" class=\"mm8Nw _1j-51 WkT0MK _1FoOD _78FBa qEvi6J WkT0MK public-DraftStyleDefault-block-depth0 fixed-tab-size public-DraftStyleDefault-text-ltr\"><span class=\"_2PHJq public-DraftStyleDefault-ltr\">Os exerc\u00edcios fisioterap\u00eauticos n\u00e3o s\u00e3o indicados apenas para quem vem sofrendo com muitas dores ou ap\u00f3s cirurgias, eles podem e devem ser usados como forma de preven\u00e7\u00e3o.<\/span><span style=\"color: var( --e-global-color-text ); font-family: var( --e-global-typography-text-font-family ), Sans-serif; font-weight: var( --e-global-typography-text-font-weight ); background-color: var(--ast-global-color-5); font-size: 1rem;\">\u00a0<\/span><span style=\"color: var( --e-global-color-text ); font-family: var( --e-global-typography-text-font-family ), Sans-serif; font-weight: inherit; font-size: 1rem; font-style: inherit; background-color: var(--ast-global-color-5);\">Sendo assim, a fisioterapia preventiva \u00e9 indicada para trazer o equil\u00edbrio ao corpo com fortalecimento muscular e equil\u00edbrio articular, evitando o surgimento de les\u00f5es, promovendo mais sa\u00fade e qualidade de vida.<\/span><\/p><div data-hook=\"rcv-block5\"><span style=\"font-style: inherit; font-weight: inherit; color: var( --e-global-color-text ); font-family: var( --e-global-typography-text-font-family ), Sans-serif; background-color: var(--ast-global-color-5);\">A fisioterapia possui diversos recursos e m\u00e9todos que favorecem a performance individual e previne o surgimento de patologias e dores.\u00a0<\/span><span style=\"font-style: inherit; font-weight: inherit; color: var( --e-global-color-text ); font-family: var( --e-global-typography-text-font-family ), Sans-serif; background-color: var(--ast-global-color-5);\">Vamos apresentar alguns detalhes sobre a preven\u00e7\u00e3o, para voc\u00ea entender mais sobre como a fisioterapia preventiva pode melhorar sua vida. Confira!<\/span><\/div><div data-hook=\"rcv-block7\">\u00a0<\/div><h2 id=\"viewer-b46rd\" class=\"eSWI6 _1j-51 blog-post-title-font t35QI2 EDIPYa _1FoOD _78FBa qEvi6J WkT0MK public-DraftStyleDefault-block-depth0 fixed-tab-size public-DraftStyleDefault-text-ltr\"><span class=\"_2PHJq public-DraftStyleDefault-ltr\">Defini\u00e7\u00e3o<\/span><\/h2><div data-hook=\"rcv-block8\"><span style=\"font-style: inherit; font-weight: inherit; color: var( --e-global-color-text ); font-family: var( --e-global-typography-text-font-family ), Sans-serif; background-color: var(--ast-global-color-5);\">Fisioterapia preventiva \u00e9 uma abordagem que tem como objetivo ajudar a prevenir o surgimento de doen\u00e7as e problemas com o corpo, que causam dores e diminuem a qualidade de vida. Muito usada por atletas e idosos, pode ser facilmente adaptada para qualquer idade, j\u00e1 que sua fun\u00e7\u00e3o principal \u00e9 proporcionar uma vida com mais qualidade e sa\u00fade.<\/span><\/div><div data-hook=\"rcv-block9\">\u00a0<\/div><p id=\"viewer-acar9\" class=\"mm8Nw _1j-51 WkT0MK _1FoOD _78FBa qEvi6J WkT0MK public-DraftStyleDefault-block-depth0 fixed-tab-size public-DraftStyleDefault-text-ltr\"><span class=\"_2PHJq public-DraftStyleDefault-ltr\">\u00c9 uma ferramenta poderosa que pode complementar as atividades f\u00edsicas. Al\u00e9m disso, tamb\u00e9m \u00e9 muito recomendada em ambiente de trabalho, pois minimiza os riscos de acidentes e diminui o n\u00famero de atestados m\u00e9dicos relacionados a dores causadas pelo esfor\u00e7o e m\u00e1 postura ao realizar as atividades laborais.<\/span><\/p><div data-hook=\"rcv-block10\"><span style=\"font-style: inherit; font-weight: inherit; color: var( --e-global-color-text ); font-family: var( --e-global-typography-text-font-family ), Sans-serif; background-color: var(--ast-global-color-5);\">A caracter\u00edstica mais importante da fisioterapia preventiva \u00e9 a sua f\u00e1cil adapta\u00e7\u00e3o \u00e0 realidade de cada pessoa, respeitando as suas limita\u00e7\u00f5es, necessidades e riscos. A avalia\u00e7\u00e3o identifica as fraquezas que o indiv\u00edduo possui, e o tratamento aplicado pelo fisioterapeuta ir\u00e1 trabalhar cada uma dessas fraquezas e necessidades.<\/span><\/div><div data-hook=\"rcv-block11\"><span style=\"color: var( --e-global-color-text ); font-family: var( --e-global-typography-text-font-family ), Sans-serif; font-weight: var( --e-global-typography-text-font-weight ); background-color: var(--ast-global-color-5); font-size: 1rem;\">\u00a0<\/span><\/div><h2 id=\"viewer-csne8\" class=\"eSWI6 _1j-51 blog-post-title-font t35QI2 EDIPYa _1FoOD _78FBa qEvi6J WkT0MK public-DraftStyleDefault-block-depth0 fixed-tab-size public-DraftStyleDefault-text-ltr\"><span class=\"_2PHJq public-DraftStyleDefault-ltr\">\u00c1reas de atua\u00e7\u00e3o da fisioterapia preventiva<\/span><\/h2><div data-hook=\"rcv-block13\">\u00a0<\/div><p id=\"viewer-61n1v\" class=\"mm8Nw _1j-51 WkT0MK _1FoOD _78FBa qEvi6J WkT0MK public-DraftStyleDefault-block-depth0 fixed-tab-size public-DraftStyleDefault-text-ltr\"><span class=\"_2PHJq public-DraftStyleDefault-ltr\">Como dito acima a fisioterapia preventiva utiliza diversas t\u00e9cnicas para estimular o alongamento, fortalecer e relaxar a musculatura, al\u00e9m de exerc\u00edcios respirat\u00f3rios que melhoram a capacidade de respira\u00e7\u00e3o. Vejamos algumas formas de atua\u00e7\u00e3o do profissional de fisioterapia:<\/span><\/p><ul class=\"public-DraftStyleDefault-ul\"><li id=\"viewer-8r5dg\" class=\"WkT0MK rHwKeh _3Kjjs _78FBa public-DraftStyleDefault-unorderedListItem public-DraftStyleDefault-depth0 public-DraftStyleDefault-list-ltr fixed-tab-size public-DraftStyleDefault-reset _1FoOD _78FBa qEvi6J WkT0MK\"><p class=\"_1j-51 _1FoOD _78FBa qEvi6J WkT0MK undefined\">Muitas empresas promovem a gin\u00e1stica laboral, oferecendo programas que visam melhorar a qualidade do trabalho, bem como a sa\u00fade de todos os funcion\u00e1rios. Na gin\u00e1stica laboral s\u00e3o adotados exerc\u00edcios direcionados para a atividade de cada setor, promovendo maior desempenho, fortalecimento e relaxando a musculatura. Essas a\u00e7\u00f5es devem ser direcionadas para o perfil e necessidade de cada trabalhador, auxiliando na recupera\u00e7\u00e3o fisiol\u00f3gica, reduzindo o estresse e a fadiga.<\/p><\/li><li id=\"viewer-41nkg\" class=\"WkT0MK rHwKeh _3Kjjs _78FBa public-DraftStyleDefault-unorderedListItem public-DraftStyleDefault-depth0 public-DraftStyleDefault-list-ltr fixed-tab-size _1FoOD _78FBa qEvi6J WkT0MK\"><p class=\"_1j-51 _1FoOD _78FBa qEvi6J WkT0MK undefined\">Os atletas se beneficiam com a melhora do gesto esportivo, al\u00e9m de prevenir as les\u00f5es decorrentes dos treinos e da pr\u00e1tica esportiva, essas medidas buscam o aprimorando do desempenho no esporte e rendimentos nas competi\u00e7\u00f5es e treinos.<\/p><\/li><li id=\"viewer-b95ei\" class=\"WkT0MK rHwKeh _3Kjjs _78FBa public-DraftStyleDefault-unorderedListItem public-DraftStyleDefault-depth0 public-DraftStyleDefault-list-ltr fixed-tab-size _1FoOD _78FBa qEvi6J WkT0MK\"><p class=\"_1j-51 _1FoOD _78FBa qEvi6J WkT0MK undefined\">Para a terceira idade a fisioterapia preventiva atua para evitar que doen\u00e7as comuns do envelhecimento se instalem e para preservar a fun\u00e7\u00e3o motora do indiv\u00edduo, reduzindo quedas e acidentes. As atividades tamb\u00e9m ser\u00e3o individualizadas de acordo com as necessidades de cada paciente, por\u00e9m devem trazer conforto enquanto trabalha todas as fun\u00e7\u00f5es corporais.<\/p><\/li><\/ul><h2 id=\"viewer-af501\" class=\"eSWI6 _1j-51 blog-post-title-font t35QI2 EDIPYa _1FoOD _78FBa qEvi6J WkT0MK public-DraftStyleDefault-block-depth0 fixed-tab-size public-DraftStyleDefault-text-ltr\"><span class=\"_2PHJq public-DraftStyleDefault-ltr\">Benef\u00edcios<\/span><\/h2><div data-hook=\"rcv-block18\"><p><span style=\"font-style: inherit; font-weight: inherit; color: var( --e-global-color-text ); font-family: var( --e-global-typography-text-font-family ), Sans-serif; background-color: var(--ast-global-color-5);\">Al\u00e9m da preven\u00e7\u00e3o de poss\u00edveis les\u00f5es e doen\u00e7as musculares a fisioterapia preventiva auxilia na redu\u00e7\u00e3o do uso de medicamentos e tamb\u00e9m melhora o funcionamento dos \u00f3rg\u00e3os, sendo muito eficiente no aux\u00edlio ao combate de diversas patologias, como:<\/span><\/p><\/div><ul><li class=\"_1j-51 _1FoOD _78FBa qEvi6J WkT0MK undefined\">diabetes;<\/li><li class=\"_1j-51 _1FoOD _78FBa qEvi6J WkT0MK undefined\"><span style=\"font-style: inherit; font-weight: inherit; color: var( --e-global-color-text ); font-family: var( --e-global-typography-text-font-family ), Sans-serif; background-color: var(--ast-global-color-5);\">hipertens\u00e3o arterial;<\/span><\/li><li class=\"_1j-51 _1FoOD _78FBa qEvi6J WkT0MK undefined\">osteoporose;<\/li><li class=\"_1j-51 _1FoOD _78FBa qEvi6J WkT0MK undefined\">bursite;<\/li><li class=\"_1j-51 _1FoOD _78FBa qEvi6J WkT0MK undefined\">tendinite;<\/li><li class=\"_1j-51 _1FoOD _78FBa qEvi6J WkT0MK undefined\">h\u00e9rnia de disco e demais problemas na coluna;<\/li><li class=\"_1j-51 _1FoOD _78FBa qEvi6J WkT0MK undefined\">artrose;<\/li><li class=\"_1j-51 _1FoOD _78FBa qEvi6J WkT0MK undefined\">depress\u00e3o e ansiedade;<\/li><li class=\"_1j-51 _1FoOD _78FBa qEvi6J WkT0MK undefined\">fadiga muscular;<\/li><li class=\"_1j-51 _1FoOD _78FBa qEvi6J WkT0MK undefined\">doen\u00e7as cardiovasculares e respirat\u00f3rias;<\/li><li class=\"_1j-51 _1FoOD _78FBa qEvi6J WkT0MK undefined\">reumatismos.<\/li><\/ul><p id=\"viewer-atn0j\" class=\"mm8Nw _1j-51 WkT0MK _1FoOD _78FBa qEvi6J WkT0MK public-DraftStyleDefault-block-depth0 fixed-tab-size public-DraftStyleDefault-text-ltr\"><span class=\"_2PHJq public-DraftStyleDefault-ltr\">A fisioterapia preventiva \u00e9 uma forma de combater e evitar situa\u00e7\u00f5es desagrad\u00e1veis que tendem a desmotivar e causar preju\u00edzos \u00e0 sua sa\u00fade. Por isso, n\u00e3o deixe que alguma dor te incomode, e fa\u00e7a voc\u00ea sempre recorrer a rem\u00e9dios, pois o uso frequente de rem\u00e9dios para dor, principalmente anti-inflamat\u00f3rios pode prejudicar \u00f3rg\u00e3os como rins e f\u00edgado. Ent\u00e3o sempre que for poss\u00edvel procure um fisioterapeuta e fa\u00e7a uma avalia\u00e7\u00e3o.<\/span><\/p>\t\t\t\t\t\t\t\t<\/div>\n\t\t\t\t<\/div>\n\t\t\t\t\t<\/div>\n\t\t<\/div>\n\t\t\t\t\t<\/div>\n\t\t<\/section>\n\t\t\t\t<\/div>\n\t\t","protected":false},"excerpt":{"rendered":"<p>Fisioterapia preventiva Os exerc\u00edcios fisioterap\u00eauticos n\u00e3o s\u00e3o indicados apenas para quem vem sofrendo com muitas dores ou ap\u00f3s cirurgias, eles podem e devem ser usados como forma de preven\u00e7\u00e3o.\u00a0Sendo assim, a fisioterapia preventiva \u00e9 indicada para trazer o equil\u00edbrio ao corpo com fortalecimento muscular e equil\u00edbrio articular, evitando o surgimento de les\u00f5es, promovendo mais sa\u00fade [&hellip;]<\/p>\n","protected":false},"author":1,"featured_media":0,"parent":0,"menu_order":0,"comment_status":"closed","ping_status":"closed","template":"elementor_header_footer","meta":{"site-sidebar-layout":"no-sidebar","site-content-layout":"page-builder","ast-site-content-layout":"","site-content-style":"default","site-sidebar-style":"default","ast-global-header-display":"","ast-banner-title-visibility":"","ast-main-header-display":"","ast-hfb-above-header-display":"","ast-hfb-below-header-display":"","ast-hfb-mobile-header-display":"","site-post-title":"disabled","ast-breadcrumbs-content":"","ast-featured-img":"disabled","footer-sml-layout":"","theme-transparent-header-meta":"","adv-header-id-meta":"","stick-header-meta":"","header-above-stick-meta":"","header-main-stick-meta":"","header-below-stick-meta":"","astra-migrate-meta-layouts":"default","ast-page-background-enabled":"default","ast-page-background-meta":{"desktop":{"background-color":"var(--ast-global-color-4)","background-image":"","background-repeat":"repeat","background-position":"center center","background-size":"auto","background-attachment":"scroll","background-type":"","background-media":"","overlay-type":"","overlay-color":"","overlay-opacity":"","overlay-gradient":""},"tablet":{"background-color":"","background-image":"","background-repeat":"repeat","background-position":"center center","background-size":"auto","background-attachment":"scroll","background-type":"","background-media":"","overlay-type":"","overlay-color":"","overlay-opacity":"","overlay-gradient":""},"mobile":{"background-color":"","background-image":"","background-repeat":"repeat","background-position":"center center","background-size":"auto","background-attachment":"scroll","background-type":"","background-media":"","overlay-type":"","overlay-color":"","overlay-opacity":"","overlay-gradient":""}},"ast-content-background-meta":{"desktop":{"background-color":"var(--ast-global-color-5)","background-image":"","background-repeat":"repeat","background-position":"center center","background-size":"auto","background-attachment":"scroll","background-type":"","background-media":"","overlay-type":"","overlay-color":"","overlay-opacity":"","overlay-gradient":""},"tablet":{"background-color":"var(--ast-global-color-5)","background-image":"","background-repeat":"repeat","background-position":"center center","background-size":"auto","background-attachment":"scroll","background-type":"","background-media":"","overlay-type":"","overlay-color":"","overlay-opacity":"","overlay-gradient":""},"mobile":{"background-color":"var(--ast-global-color-5)","background-image":"","background-repeat":"repeat","background-position":"center center","background-size":"auto","background-attachment":"scroll","background-type":"","background-media":"","overlay-type":"","overlay-color":"","overlay-opacity":"","overlay-gradient":""}},"footnotes":""},"class_list":["post-349","page","type-page","status-publish","hentry"],"_links":{"self":[{"href":"https:\/\/abraaoisrael.com.br\/index.php\/wp-json\/wp\/v2\/pages\/349","targetHints":{"allow":["GET"]}}],"collection":[{"href":"https:\/\/abraaoisrael.com.br\/index.php\/wp-json\/wp\/v2\/pages"}],"about":[{"href":"https:\/\/abraaoisrael.com.br\/index.php\/wp-json\/wp\/v2\/types\/page"}],"author":[{"embeddable":true,"href":"https:\/\/abraaoisrael.com.br\/index.php\/wp-json\/wp\/v2\/users\/1"}],"replies":[{"embeddable":true,"href":"https:\/\/abraaoisrael.com.br\/index.php\/wp-json\/wp\/v2\/comments?post=349"}],"version-history":[{"count":0,"href":"https:\/\/abraaoisrael.com.br\/index.php\/wp-json\/wp\/v2\/pages\/349\/revisions"}],"wp:attachment":[{"href":"https:\/\/abraaoisrael.com.br\/index.php\/wp-json\/wp\/v2\/media?parent=349"}],"curies":[{"name":"wp","href":"https:\/\/api.w.org\/{rel}","templated":true}]}}