{"id":619,"date":"2023-06-10T20:20:17","date_gmt":"2023-06-10T23:20:17","guid":{"rendered":"http:\/\/abraaoisrael.com.br\/?page_id=619"},"modified":"2023-06-10T20:20:51","modified_gmt":"2023-06-10T23:20:51","slug":"politica-de-cookies","status":"publish","type":"page","link":"https:\/\/abraaoisrael.com.br\/index.php\/politica-de-cookies\/","title":{"rendered":"Pol\u00edtica de Cookies"},"content":{"rendered":"\t\t<div data-elementor-type=\"wp-page\" data-elementor-id=\"619\" class=\"elementor elementor-619\" data-elementor-post-type=\"page\">\n\t\t\t\t\t\t<section class=\"elementor-section elementor-top-section elementor-element elementor-element-e21e241 elementor-section-boxed elementor-section-height-default elementor-section-height-default\" data-id=\"e21e241\" data-element_type=\"section\">\n\t\t\t\t\t\t<div class=\"elementor-container elementor-column-gap-default\">\n\t\t\t\t\t<div class=\"elementor-column elementor-col-100 elementor-top-column elementor-element elementor-element-e0acfed\" data-id=\"e0acfed\" data-element_type=\"column\">\n\t\t\t<div class=\"elementor-widget-wrap elementor-element-populated\">\n\t\t\t\t\t\t<div class=\"elementor-element elementor-element-f3767a8 elementor-widget elementor-widget-heading\" data-id=\"f3767a8\" data-element_type=\"widget\" data-widget_type=\"heading.default\">\n\t\t\t\t<div class=\"elementor-widget-container\">\n\t\t\t\t\t<h2 class=\"elementor-heading-title elementor-size-default\">Pol\u00edtica de Cookies<\/h2>\t\t\t\t<\/div>\n\t\t\t\t<\/div>\n\t\t\t\t<div class=\"elementor-element elementor-element-c2f1f4b elementor-widget elementor-widget-text-editor\" data-id=\"c2f1f4b\" data-element_type=\"widget\" data-widget_type=\"text-editor.default\">\n\t\t\t\t<div class=\"elementor-widget-container\">\n\t\t\t\t\t\t\t\t\t<p>Este documento possui a finalidade de estabelecer alguns par\u00e2metros para tratamento de dados que incluem, n\u00e3o taxativamente, a recep\u00e7\u00e3o, transmiss\u00e3o, compartilhamento, armazenamento, acesso, comunica\u00e7\u00e3o, modifica\u00e7\u00e3o ou transfer\u00eancia das informa\u00e7\u00f5es coletadas de nossos USU\u00c1RIOS, al\u00e9m de registrar toda e qualquer atividade realizada dentro da plataforma, de acordo com a legisla\u00e7\u00e3o aplic\u00e1vel.<\/p>\n<p>O USU\u00c1RIO confere sua livre e expressa concord\u00e2ncia perante este instrumento ao aceitar essa POL\u00cdTICA DE COOKIES e a POL\u00cdTICA DE PRIVACIDADE.<\/p>\n<p>Este documento foi criado pelo advogado Diego Castro \u2013 Inscrito na OAB\/PI (<a href=\"https:\/\/diegocastro.adv.br\/\">https:\/\/diegocastro.adv.br\/<\/a>) com o n\u00famero 15.613 e modificado com permiss\u00e3o para este site.<\/p>\n<h3 class=\"wp-block-heading\">1 \u2013 GLOSS\u00c1RIO<\/h3>\n<p>1.1 \u2013 Para melhorar o desempenho e sua experi\u00eancia em nosso site, utilizamos cookies, devendo ser consideradas as seguintes defini\u00e7\u00f5es acerca desta Pol\u00edtica:<\/p>\n<p><strong><em>COOKIES \u2013&nbsp;<\/em><\/strong>S\u00e3o arquivos de texto criados pelo site e armazenados no dispositivo que acessa a plataforma. (notebooks, tablets, smartphones, etc. ). Quando a condi\u00e7\u00e3o de \u201cpermiss\u00e3o\u201d estiver habilitada, o armazenamento de cookies ocorrer\u00e1 de forma autom\u00e1tica. Estes pequenos pacotes de dados visam identificar e coletar as informa\u00e7\u00f5es do USU\u00c1RIO para aprimorar os servi\u00e7os do nosso site.<\/p>\n<p><strong><em>DADOS:<\/em>&nbsp;<\/strong>Conjunto de informa\u00e7\u00f5es an\u00f4nimas (ou dados anonimizados) e pessoais.<\/p>\n<p><strong><em>DADOS ANONIMIZADOS:&nbsp;<\/em><\/strong>Informa\u00e7\u00f5es isoladas que n\u00e3o permite a identifica\u00e7\u00e3o do USU\u00c1RIO. Incluem a coleta de g\u00eanero, localiza\u00e7\u00e3o, idade, etc.<\/p>\n<p><strong><em>DADOS PESSOAIS:&nbsp;<\/em><\/strong>Informa\u00e7\u00f5es da pessoa natural identificada por meio do sistema. Incluem nome, endere\u00e7o, telefone, redes sociais, etc.&nbsp;<\/p>\n<p><strong><em>HIPERLINKS:&nbsp;<\/em><\/strong>Um link clicavel que pode aparecer no site ou estar disposto em algum conte\u00fado, que direciona o USU\u00c1RIO para outra p\u00e1gina na plataforma ou site externo, seja parceiro ou n\u00e3o.<\/p>\n<p><strong><em>NAVEGA\u00c7\u00c3O:<\/em>&nbsp;<\/strong>Ato de interagir, pesquisar, adquirir ou consumir algum material ou conte\u00fado em nossa plataforma, site ou aplicativo. &nbsp;<\/p>\n<p><strong><em>USU\u00c1RIO:&nbsp;<\/em><\/strong>Visitantes do site que acessem independente do meio a nossa plataforma, site ou aplicativo<strong>.&nbsp;<\/strong>Dever\u00e1, necessariamente, ter capacidade legal para aceitar os termos e condi\u00e7\u00f5es da presente Pol\u00edtica de Cookies e demais documentos legais da plataforma.&nbsp;<\/p>\n<p>Havendo d\u00favidas acerca de qualquer termo ou palavra empregada nesta Pol\u00edtica de Cookies, o VISITANTE\/ USU\u00c1RIO poder\u00e1 entrar em contato com a plataforma atrav\u00e9s dos nossos canais de comunica\u00e7\u00e3o.<\/p>\n<h3 class=\"wp-block-heading\">2 \u2013 Coleta de dados<\/h3>\n<p>2.1 \u2013 A coleta de informa\u00e7\u00f5es e dados de nossos USU\u00c1RIOS ocorre na medida em que ele nos fornece, por meio de acesso e uso no site, clicques em hiperlinks, intera\u00e7\u00e3o nos aplicativos e servi\u00e7os do site, suas prefer\u00eancias e refer\u00eancias.<\/p>\n<p>2.2 \u2013 Os dados ser\u00e3o coletados:<\/p>\n<ul>\n<li>quando o USU\u00c1RIO inserir ou submeter voluntariamente suas informa\u00e7\u00f5es na nossa plataforma<strong>&nbsp;<\/strong>ou acessar algum servi\u00e7o oferecido pelo site, tamb\u00e9m poder\u00e1 ocorrer por meio da intera\u00e7\u00e3o e navega\u00e7\u00e3o com o conte\u00fado exposto no website.&nbsp;<\/li>\n<li>quando o USU\u00c1RIO inserir ou submeter voluntariamente dados de terceiros no nosso site<strong>,&nbsp;<\/strong>uma vez declarada a autoriza\u00e7\u00e3o da utiliza\u00e7\u00e3o desses dados perante o site.&nbsp;<\/li>\n<li>quando n\u00e3o necessariamente utilizar-se-\u00e1 a a\u00e7\u00e3o do USU\u00c1RIO, uma vez que a automatiza\u00e7\u00e3o do sistema se responsabiliza pela coleta de dados dispon\u00edveis por meio dos&nbsp;<em>Cookies.<\/em><\/li>\n<li>por meio de parceiros que tenham sido autorizados pelos nossos USU\u00c1RIOS&nbsp; a compartilharem seus dados conosco.<\/li>\n<\/ul>\n<p>2.3 \u2013 As informa\u00e7\u00f5es coletadas podem incluir, n\u00e3o se limitando, os seguintes dados:<\/p>\n<ul>\n<li>nome;<\/li>\n<li>g\u00eanero;<\/li>\n<li>endere\u00e7o (por meio da geolocaliza\u00e7\u00e3o);<\/li>\n<li>endere\u00e7o de IP;<\/li>\n<li>endere\u00e7o de e-mail;<\/li>\n<li>dados banc\u00e1rios (cart\u00f5es de cr\u00e9dito, por exemplo.);<\/li>\n<li>n\u00fameros de documentos (CPF, Carteira de Identidade, etc.)<\/li>\n<li>data de nascimento;<\/li>\n<li>informa\u00e7\u00f5es de pagamento;<\/li>\n<li>agenda de contatos;<\/li>\n<li>dados biom\u00e9tricos;<\/li>\n<li>links, hiperlinks e servi\u00e7os clicados, etc.<\/li>\n<\/ul>\n<p>2.4 \u2013 Os demais dados que podem ser objeto de coleta est\u00e3o dispostos, tamb\u00e9m, na Pol\u00edtica de Privacidade.&nbsp;<\/p>\n<p>2.5 \u2013 Os cookies utilizados pelo nosso site e aplica\u00e7\u00f5es<strong>&nbsp;<\/strong>est\u00e3o condicionados \u00e0 validade de sua coleta:&nbsp;<\/p>\n<ol>\n<li><strong>Cookies de sess\u00e3o:<\/strong>&nbsp;permanece com o site at\u00e9 o mesmo ser fechado. As informa\u00e7\u00f5es coletadas permitem a identifica\u00e7\u00e3o de problemas e visam o fornecer melhores experi\u00eancias aos USU\u00c1RIOS.&nbsp;<\/li>\n<li><strong>Cookies permanentes:<\/strong>&nbsp;mesmo ap\u00f3s o fechamento da plataforma, esses cookies ainda ficar\u00e3o armazenados na mem\u00f3ria do navegador de internet do dispositivo que voc\u00ea est\u00e1 acessando. S\u00e3o utilizados cada vez que o utilizador visita o website para orientar a navega\u00e7\u00e3o de acordo com as prefer\u00eancias pessoais, que s\u00e3o recolhidas atrav\u00e9s destes cookies.<\/li>\n<\/ol>\n<p>2.6 \u2013 Os cookies utilizado<strong>&nbsp;<\/strong>podem ser tanto de titularidade pr\u00f3pria, possuindo, a plataforma, total controle sobre os cookies; ou de titularidade de terceiros, inclu\u00eddos nos dispositivos dos USU\u00c1RIOS por meio dos sites, plataformas, hiperlinks, servi\u00e7os e fun\u00e7\u00f5es que possu\u00edmos parceria.&nbsp;<\/p>\n<h3 class=\"wp-block-heading\">3 \u2013 Finalidade da coleta de Cookies:<\/h3>\n<p>3.1 \u2013 Nossos cookies possuem diferentes fun\u00e7\u00f5es e finalidades, a seguir listamos os tipos que podem ser utilizados no nosso site.<\/p>\n<ol>\n<li><strong><em>cookies essenciais:&nbsp;<\/em><\/strong>necess\u00e1rios para que a plataforma funcione corretamente e forne\u00e7a, perfeitamente, os servi\u00e7os que est\u00e3o dispon\u00edveis aos nossos USU\u00c1RIOS. Sendo que, sob pena do mau funcionamento da plataforma, o website n\u00e3o ser\u00e1 capaz de prestar, com efici\u00eancia, todas as ferramentas ou recursos a ele associado.<\/li>\n<li><strong><em>cookies de performance:&nbsp;<\/em><\/strong>respons\u00e1vel por coletar informa\u00e7\u00f5es an\u00f4nimas sobre como os USU\u00c1RIOS usam e interagem com a plataforma e com as ferramentas fornecidas.<\/li>\n<li><strong><em>cookies de funcionalidade:&nbsp;<\/em><\/strong>associados \u00e0 mem\u00f3ria dos dados fornecidos, estes cookies permitem que a plataforma lembre das eventuais escolhas feitas pelo USU\u00c1RIO, o direcionando \u00e0s fun\u00e7\u00f5es que o mesmo pode vir a optar. \u00c9 respons\u00e1vel por proporcionar melhores experi\u00eancias e garantir praticidade ao USU\u00c1RIO. Essas informa\u00e7\u00f5es tamb\u00e9m podem estar associadas aos dados anonimizados, que n\u00e3o ir\u00e3o rastrear a atividade do USU\u00c1RIO fora do espa\u00e7o da plataforma.&nbsp;<\/li>\n<li><strong><em>cookies anal\u00edticos:&nbsp;<\/em><\/strong>utilizamos estes cookies com a funcionalidade de monitorar e analisar com nossos USU\u00c1RIOS usam as ferramentas e as funcionalidades da plataforma. Nos permitindo verificar eventuais falhas no site e proporcionar praticidade e customiza\u00e7\u00e3o para os USU\u00c1RIOS. Al\u00e9m disso, baseados nesses cookies, podemos destacar os principais servi\u00e7os ou artigos que pensamos ser de maior interesse de nossos USU\u00c1RIOS.&nbsp;<\/li>\n<li><strong><em>cookies de publicidade:&nbsp;<\/em><\/strong>semelhante \u00e0 coleta anterior, esses cookies visam direcionar a publicidade da plataforma em fun\u00e7\u00e3o das escolhas e das prefer\u00eancias de nossos USU\u00c1RIOS, verificando o n\u00famero de visitas, n\u00famero de intera\u00e7\u00e3o e qualidade desta. Estes cookies ajudam a plataforma www.abraaoisrael.com<strong>&nbsp;<\/strong>a dimensionar a efic\u00e1cia de sua publicidade.&nbsp;<\/li>\n<li><strong><em>cookies de seguran\u00e7a:&nbsp;<\/em><\/strong>evitando que os dados de nossos USU\u00c1RIOS estejam vulner\u00e1veis a ataques maliciosos de terceiros, estes cookies armazenam as informa\u00e7\u00f5es de modo criptografado.&nbsp;<\/li>\n<li><strong><em>cookies sociais:&nbsp;<\/em><\/strong>estabelecidos pelas plataformas de redes sociais e de comunica\u00e7\u00e3o, estes cookies permitem o compartilhamento do conte\u00fado acessado pelo USU\u00c1RIO \u00e0 nossa plataforma. A coleta fornecida por terceiros tem a capacidade de rastrear a atividade do USU\u00c1RIO fora de sua linha de servi\u00e7os, compartilhando com nossa plataforma, as suas prefer\u00eancias.&nbsp;<\/li>\n<\/ol>\n<h3 class=\"wp-block-heading\">4 \u2013 Da autoriza\u00e7\u00e3o<\/h3>\n<p>4.1 \u2013 Depois de autorizada a utiliza\u00e7\u00e3o de cookies, o USU\u00c1RIO tem a seu dispor a op\u00e7\u00e3o de desativ\u00e1-los assim que tiver interesse, podendo optar, ainda, inativar parte ou a totalidades dos nossos cookies.&nbsp;<\/p>\n<p>4.2 \u2013 A princ\u00edpio, todos os dispositivos permitem que o utilizador aceite, recuse, apague ou administre cookies, atrav\u00e9s das fun\u00e7\u00f5es do pr\u00f3prio programa do respectivo navegador. Podendo ser configurados, em geral, no menu \u201cop\u00e7\u00f5es\u201d ou \u201cprefer\u00eancias\u201d, dependendo do seu dispositivo.&nbsp;<\/p>\n<p>4.3 \u2013 Lembramos que a fun\u00e7\u00e3o de desativar cookies n\u00e3o nos permite oferecer aos nossos USU\u00c1RIOS a excelente presta\u00e7\u00e3o de servi\u00e7o que objetivamos, j\u00e1 que partes de nossa plataforma podem apresentar instabilidades e n\u00e3o funcionar corretamente.&nbsp;<\/p>\n<h3 class=\"wp-block-heading\">5 \u2013 Da legitima\u00e7\u00e3o do tratamento dos cookies<\/h3>\n<p>5.1 \u2013 Por consentimento do interessado, a Pol\u00edtica de Cookies se aplicar\u00e1 aos dispositivos que autorizarem o acesso aos dados anonimizados e pessoais de nossos USU\u00c1RIOS.<\/p>\n<h3 class=\"wp-block-heading\">6 \u2013 Da comunica\u00e7\u00e3o dos dados<\/h3>\n<p>6.1 \u2013 Em via de regra, n\u00e3o se comunicar\u00e3o os dados a terceiros, exceto em caso de cookies de propriedade de outros sites, por obriga\u00e7\u00e3o legal, ou por hiperlinks parceiros \u00e0 nossa plataforma.&nbsp;<\/p>\n<h3 class=\"wp-block-heading\">7 \u2013 Direitos do USU\u00c1RIO<\/h3>\n<p>7.1 \u2013 Assistem ao USU\u00c1RIO alguns direitos perante esta Pol\u00edtica de Cookies, desde que o USU\u00c1RIO tenha capacidade de interagir com o sistema da plataforma.<\/p>\n<ol>\n<li>retirada de consentimento desta Pol\u00edtica;<\/li>\n<li>acesso, controle, retifica\u00e7\u00e3o, limita\u00e7\u00e3o e oposi\u00e7\u00e3o ao tratamento de seus dados;<\/li>\n<li>contestar a utiliza\u00e7\u00e3o de seus dados junto aos administradores da plataforma, entrando em contato pela aba de contato.<\/li>\n<\/ol>\n<p>Diante dos termos apresentados, o USU\u00c1RIO d\u00e1 o seu consentimento pr\u00e9vio, salvo indica\u00e7\u00e3o ao contr\u00e1rio, ao uso e utiliza\u00e7\u00e3o de \u201ccookies\u201d, perante a utiliza\u00e7\u00e3o do nosso site.<\/p>\n<p>Esta Pol\u00edtica de Cookies \u00e9 valida a partir de 10 de junho de 2023.<\/p>\t\t\t\t\t\t\t\t<\/div>\n\t\t\t\t<\/div>\n\t\t\t\t\t<\/div>\n\t\t<\/div>\n\t\t\t\t\t<\/div>\n\t\t<\/section>\n\t\t\t\t<\/div>\n\t\t","protected":false},"excerpt":{"rendered":"<p>Pol\u00edtica de Cookies Este documento possui a finalidade de estabelecer alguns par\u00e2metros para tratamento de dados que incluem, n\u00e3o taxativamente, a recep\u00e7\u00e3o, transmiss\u00e3o, compartilhamento, armazenamento, acesso, comunica\u00e7\u00e3o, modifica\u00e7\u00e3o ou transfer\u00eancia das informa\u00e7\u00f5es coletadas de nossos USU\u00c1RIOS, al\u00e9m de registrar toda e qualquer atividade realizada dentro da plataforma, de acordo com a legisla\u00e7\u00e3o aplic\u00e1vel. O USU\u00c1RIO [&hellip;]<\/p>\n","protected":false},"author":1,"featured_media":0,"parent":0,"menu_order":0,"comment_status":"closed","ping_status":"closed","template":"","meta":{"site-sidebar-layout":"no-sidebar","site-content-layout":"page-builder","ast-site-content-layout":"","site-content-style":"default","site-sidebar-style":"default","ast-global-header-display":"","ast-banner-title-visibility":"","ast-main-header-display":"","ast-hfb-above-header-display":"","ast-hfb-below-header-display":"","ast-hfb-mobile-header-display":"","site-post-title":"disabled","ast-breadcrumbs-content":"","ast-featured-img":"disabled","footer-sml-layout":"","theme-transparent-header-meta":"","adv-header-id-meta":"","stick-header-meta":"","header-above-stick-meta":"","header-main-stick-meta":"","header-below-stick-meta":"","astra-migrate-meta-layouts":"default","ast-page-background-enabled":"default","ast-page-background-meta":{"desktop":{"background-color":"var(--ast-global-color-4)","background-image":"","background-repeat":"repeat","background-position":"center center","background-size":"auto","background-attachment":"scroll","background-type":"","background-media":"","overlay-type":"","overlay-color":"","overlay-opacity":"","overlay-gradient":""},"tablet":{"background-color":"","background-image":"","background-repeat":"repeat","background-position":"center center","background-size":"auto","background-attachment":"scroll","background-type":"","background-media":"","overlay-type":"","overlay-color":"","overlay-opacity":"","overlay-gradient":""},"mobile":{"background-color":"","background-image":"","background-repeat":"repeat","background-position":"center center","background-size":"auto","background-attachment":"scroll","background-type":"","background-media":"","overlay-type":"","overlay-color":"","overlay-opacity":"","overlay-gradient":""}},"ast-content-background-meta":{"desktop":{"background-color":"var(--ast-global-color-5)","background-image":"","background-repeat":"repeat","background-position":"center center","background-size":"auto","background-attachment":"scroll","background-type":"","background-media":"","overlay-type":"","overlay-color":"","overlay-opacity":"","overlay-gradient":""},"tablet":{"background-color":"var(--ast-global-color-5)","background-image":"","background-repeat":"repeat","background-position":"center center","background-size":"auto","background-attachment":"scroll","background-type":"","background-media":"","overlay-type":"","overlay-color":"","overlay-opacity":"","overlay-gradient":""},"mobile":{"background-color":"var(--ast-global-color-5)","background-image":"","background-repeat":"repeat","background-position":"center center","background-size":"auto","background-attachment":"scroll","background-type":"","background-media":"","overlay-type":"","overlay-color":"","overlay-opacity":"","overlay-gradient":""}},"footnotes":""},"class_list":["post-619","page","type-page","status-publish","hentry"],"_links":{"self":[{"href":"https:\/\/abraaoisrael.com.br\/index.php\/wp-json\/wp\/v2\/pages\/619","targetHints":{"allow":["GET"]}}],"collection":[{"href":"https:\/\/abraaoisrael.com.br\/index.php\/wp-json\/wp\/v2\/pages"}],"about":[{"href":"https:\/\/abraaoisrael.com.br\/index.php\/wp-json\/wp\/v2\/types\/page"}],"author":[{"embeddable":true,"href":"https:\/\/abraaoisrael.com.br\/index.php\/wp-json\/wp\/v2\/users\/1"}],"replies":[{"embeddable":true,"href":"https:\/\/abraaoisrael.com.br\/index.php\/wp-json\/wp\/v2\/comments?post=619"}],"version-history":[{"count":0,"href":"https:\/\/abraaoisrael.com.br\/index.php\/wp-json\/wp\/v2\/pages\/619\/revisions"}],"wp:attachment":[{"href":"https:\/\/abraaoisrael.com.br\/index.php\/wp-json\/wp\/v2\/media?parent=619"}],"curies":[{"name":"wp","href":"https:\/\/api.w.org\/{rel}","templated":true}]}}